{"id":604,"date":"2018-04-22T19:45:11","date_gmt":"2018-04-22T17:45:11","guid":{"rendered":"http:\/\/www.musikverein-breitenthal.de\/Wordpress\/?page_id=604"},"modified":"2022-01-29T10:56:25","modified_gmt":"2022-01-29T09:56:25","slug":"datenschutz","status":"publish","type":"page","link":"https:\/\/www.musikverein-breitenthal.de\/Wordpress\/datenschutz\/","title":{"rendered":"Datenschutz"},"content":{"rendered":"<h1>Datenschutzordnung<\/h1>\n<p>Die Datenschutzordnung unseres Vereins finden Sie <a href=\"https:\/\/www.musikverein-breitenthal.de\/Wordpress\/wp-content\/uploads\/2022\/01\/Datenschutzordnung.docx.pdf\">hier.<\/a><\/p>\n<h1>Datenschutzerkl\u00e4rung<\/h1>\n<p>Mit dem nachfolgenden Text m\u00f6chten wir Sie \u00fcber die Art, den Umfang und die Zwecke der Erhebung und Verwendung personenbezogener Daten auf unserer Webseite unterrichten. Sollten dar\u00fcber hinaus Fragen zum Datenschutz im Zusammenhang mit unserem Internetauftritt auftreten, so k\u00f6nnen Sie sich an unseren Vereinsvorstand wenden (siehe Impressum).<\/p>\n<h2>Datenerhebung und Protokollierung<\/h2>\n<p class=\"atex\">Wenn Sie unsere Webseiten aufrufen, \u00fcbermitteln Sie (aus technischer Notwendigkeit) \u00fcber Ihren Internetbrowser Daten an unseren Webserver. Folgende Daten werden w\u00e4hrend einer laufenden Verbindung zur Kommunikation zwischen Ihrem Internetbrowser und unserem Webserver aufgezeichnet:<\/p>\n<ul>\n<li>Datum und Uhrzeit der Anforderung<\/li>\n<li>Name der angeforderten Datei<\/li>\n<li>Seite, von der aus die Datei angefordert wurde<\/li>\n<li>Zugriffsstatus (Datei \u00fcbertragen, Datei nicht gefunden, etc.)<\/li>\n<li>verwendeter Webbrowser und verwendetes Betriebssystem<\/li>\n<li>vollst\u00e4ndige IP-Adresse des anfordernden Rechners<\/li>\n<li>\u00fcbertragene Datenmenge<\/li>\n<\/ul>\n<div class=\"atex\">Aus Gr\u00fcnden der technischen Sicherheit, insbesondere zur Abwehr von Angriffsversuchen auf unseren Webserver, werden diese Daten von uns kurzzeitig gespeichert. Ein R\u00fcckschluss auf einzelne Personen ist uns anhand dieser Daten nicht m\u00f6glich. In anonymisierter Form werden die Daten daneben zu statistischen Zwecken verarbeitet; ein Abgleich mit anderen Datenbest\u00e4nden oder eine Weitergabe an Dritte, auch in Ausz\u00fcgen, findet nicht statt. Lediglich im Rahmen unserer Serverstatistik, die wir allerdings nicht ver\u00f6ffentlichen, findet eine Darstellung der Anzahl der Seitenaufrufe statt.<\/div>\n<h2>Erhebung weiterer Daten<\/h2>\n<p class=\"atex mgb2\">Sofern Sie die angebotenen Formulare zur Kontaktaufnahme nicht nutzen, findet keine dar\u00fcber hinausgehende Datenerhebung statt. Soweit Sie ein von uns angebotenes Webformular nutzen und uns darin personenbezogene Daten mitteilen bzw. Sie sich per E-Mail an uns wenden, werden wir Ihre personenbezogenen Daten allein zum Zweck der Bearbeitung Ihrer Anfrage bzw. Beschwerde erheben, verarbeiten und nutzen.<\/p>\n<h2>Webtracking-Verfahren (Reichweitenmessung)<\/h2>\n<p class=\"atex mgb2\">Analyse-Programme und andere Techniken zur Auswertung Ihres Nutzungsverhaltens werden auf unserer Webseite <u>nicht<\/u> eingesetzt.<\/p>\n<h2>Aktive Komponenten<\/h2>\n<p class=\"atex mgb2\">Wir verwenden im Rahmen unseres Webangebots keine aktiven Komponenten wie Java-Applets oder Active-X-Controls.<\/p>\n<h2 class=\"atex mgb2\">Nutzung von Facebook-Plugins<\/h2>\n<p>Auf unserer Startseite ist ein Plugins des sozialen Netzwerks Facebook (Facebook Inc., 1601 Willow Road, Menlo Park, California, 94025, USA) integriert. Facebook-Plugins erkennen Sie an dem Facebook-Logo oder dem &#8222;Like-Button&#8220; (&#8222;Gef\u00e4llt mir&#8220;) auf unserer Seite. Eine \u00dcbersicht \u00fcber die Facebook-Plugins finden Sie hier: <a href=\"http:\/\/developers.facebook.com\/docs\/plugins\/\" target=\"_blank\" rel=\"noopener noreferrer\">http:\/\/developers.facebook.com\/docs\/plugins\/<\/a>.<\/p>\n<p>Wenn Sie unsere Seiten besuchen, wird \u00fcber das Plugin eine direkte Verbindung zwischen Ihrem Browser und dem Facebook-Server hergestellt. Facebook erh\u00e4lt dadurch die Information, dass Sie mit Ihrer IP-Adresse unsere Seite besucht haben. Wenn Sie den Facebook &#8222;Like-Button&#8220; anklicken w\u00e4hrend Sie in Ihrem Facebook-Account eingeloggt sind, k\u00f6nnen Sie die Inhalte unserer Seiten auf Ihrem Facebook-Profil verlinken. Dadurch kann Facebook den Besuch unserer Seiten Ihrem Benutzerkonto zuordnen. Wir weisen darauf hin, dass wir als Anbieter der Seiten keine Kenntnis vom Inhalt der \u00fcbermittelten Daten sowie deren Nutzung durch Facebook erhalten. Weitere Informationen hierzu finden Sie in der Datenschutzerkl\u00e4rung von facebook unter <a href=\"http:\/\/de-de.facebook.com\/policy.php\" target=\"_blank\" rel=\"noopener noreferrer\"> http:\/\/de-de.facebook.com\/policy.php<\/a><\/p>\n<p>Wenn Sie nicht w\u00fcnschen, dass Facebook den Besuch unserer Seiten Ihrem Facebook-Nutzerkonto zuordnen kann, loggen Sie sich bitte aus Ihrem Facebook-Benutzerkonto aus.<\/p>\n<h2 class=\"atex mgb2\">Widerspruch Werbe-Mails:<\/h2>\n<p>Der Nutzung von im Rahmen der Impressumspflicht ver\u00f6ffentlichten Kontaktdaten zur \u00dcbersendung von nicht ausdr\u00fccklich angeforderter Werbung und Informationsmaterialien wird hiermit widersprochen. Die Betreiber der Seiten behalten sich ausdr\u00fccklich rechtliche Schritte im Falle der unverlangten Zusendung von Werbeinformationen, etwa durch Spam-E-Mails, vor.<\/p>\n<h2>Auskunft, L\u00f6schung, Sperrung<\/h2>\n<p>Sie haben jederzeit das Recht auf unentgeltliche Auskunft \u00fcber Ihre gespeicherten personenbezogenen Daten, deren Herkunft und Empf\u00e4nger und den Zweck der Datenverarbeitung sowie ein Recht auf Berichtigung, Sperrung oder L\u00f6schung dieser Daten. Hierzu sowie zu weiteren Fragen zum Thema personenbezogene Daten k\u00f6nnen Sie sich jederzeit unter der im Impressum angegebenen Adresse an uns wenden.<\/p>\n<h2>Technische Umsetzung<\/h2>\n<p class=\"atex mgb2\">Der Webserver f\u00fcr den Betrieb unserer Webseite wird technisch durch die Firma dogado GmbH betrieben.<\/p>\n<div class=\"atex articlefloatleft\">\n<p>dogado GmbH &#8211; Saarlandstr. 25 &#8211; 44139 Dortmund<\/p>\n<\/div>\n<div class=\"atex\" style=\"clear: both;\">Unser Internetauftritt wurde eigenst\u00e4ndig mit dem Content Management System &#8222;WordPress&#8220; erstellt.<\/div>\n","protected":false},"excerpt":{"rendered":"<p>Datenschutzordnung Die Datenschutzordnung unseres Vereins finden Sie hier. Datenschutzerkl\u00e4rung Mit dem nachfolgenden Text m\u00f6chten wir Sie \u00fcber die Art, den Umfang und die Zwecke der Erhebung und Verwendung personenbezogener Daten auf unserer Webseite unterrichten. Sollten dar\u00fcber hinaus Fragen zum Datenschutz im Zusammenhang mit unserem Internetauftritt auftreten, so k\u00f6nnen Sie sich an unseren Vereinsvorstand wenden (siehe [&hellip;]<\/p>\n","protected":false},"author":1,"featured_media":0,"parent":0,"menu_order":0,"comment_status":"closed","ping_status":"closed","template":"","meta":{"footnotes":""},"class_list":["post-604","page","type-page","status-publish","hentry"],"_links":{"self":[{"href":"https:\/\/www.musikverein-breitenthal.de\/Wordpress\/wp-json\/wp\/v2\/pages\/604","targetHints":{"allow":["GET"]}}],"collection":[{"href":"https:\/\/www.musikverein-breitenthal.de\/Wordpress\/wp-json\/wp\/v2\/pages"}],"about":[{"href":"https:\/\/www.musikverein-breitenthal.de\/Wordpress\/wp-json\/wp\/v2\/types\/page"}],"author":[{"embeddable":true,"href":"https:\/\/www.musikverein-breitenthal.de\/Wordpress\/wp-json\/wp\/v2\/users\/1"}],"replies":[{"embeddable":true,"href":"https:\/\/www.musikverein-breitenthal.de\/Wordpress\/wp-json\/wp\/v2\/comments?post=604"}],"version-history":[{"count":7,"href":"https:\/\/www.musikverein-breitenthal.de\/Wordpress\/wp-json\/wp\/v2\/pages\/604\/revisions"}],"predecessor-version":[{"id":1392,"href":"https:\/\/www.musikverein-breitenthal.de\/Wordpress\/wp-json\/wp\/v2\/pages\/604\/revisions\/1392"}],"wp:attachment":[{"href":"https:\/\/www.musikverein-breitenthal.de\/Wordpress\/wp-json\/wp\/v2\/media?parent=604"}],"curies":[{"name":"wp","href":"https:\/\/api.w.org\/{rel}","templated":true}]}}