{"id":577,"date":"2018-01-17T20:51:54","date_gmt":"2018-01-17T19:51:54","guid":{"rendered":"http:\/\/www.musikverein-breitenthal.de\/Wordpress\/?page_id=577"},"modified":"2020-03-06T18:42:29","modified_gmt":"2020-03-06T17:42:29","slug":"floetengruppe","status":"publish","type":"page","link":"https:\/\/www.musikverein-breitenthal.de\/Wordpress\/jugend\/floetengruppe\/","title":{"rendered":"Blockfl\u00f6tengruppe"},"content":{"rendered":"<table border=\"0\" width=\"799\" cellspacing=\"0\" cellpadding=\"0\">\n<tbody>\n<tr>\n<td>\n<img loading=\"lazy\" decoding=\"async\" class=\"aligncenter size-medium wp-image-664\" src=\"http:\/\/www.musikverein-breitenthal.de\/Wordpress\/wp-content\/uploads\/2019\/01\/floeten1-300x200.jpg\" alt=\"\" width=\"300\" height=\"200\" srcset=\"https:\/\/www.musikverein-breitenthal.de\/Wordpress\/wp-content\/uploads\/2019\/01\/floeten1-300x200.jpg 300w, https:\/\/www.musikverein-breitenthal.de\/Wordpress\/wp-content\/uploads\/2019\/01\/floeten1.jpg 618w\" sizes=\"auto, (max-width: 300px) 100vw, 300px\" \/><\/td>\n<td><em>Der Blockfl\u00f6tenunterricht ist die einfachste Art, f\u00fcr Vorschul- und Grundschulkinder Noten zu lernen.<\/em><\/td>\n<\/tr>\n<\/tbody>\n<\/table>\n<p>Vermittelt werden neben der Notenlehre haupts\u00e4chlich das Rhythmusgef\u00fchl sowie die Schulung des H\u00f6rverm\u00f6gens. Schon beim Erlernen der Blockfl\u00f6te zeigt sich den Eltern die musikalische Begabung ihres Kindes.<\/p>\n<p>Wir legen viel Wert darauf, in kleinen Schritten zu lernen. Die Sch\u00fcler eignen sich nach und nach die einzelnen T\u00f6ne an. Vordergr\u00fcndig stehen hierbei das richtige Greifen der T\u00f6ne und die Luftf\u00fchrung, welche f\u00fcr einen sch\u00f6nen Ton unabdingbar sind.<\/p>\n<table border=\"0\" width=\"799\" cellspacing=\"0\" cellpadding=\"0\">\n<tbody>\n<tr>\n<td>\n<img loading=\"lazy\" decoding=\"async\" class=\"alignleft size-large wp-image-691\" src=\"http:\/\/www.musikverein-breitenthal.de\/Wordpress\/wp-content\/uploads\/2019\/05\/floeten_mix-724x1024.jpg\" alt=\"\" width=\"620\" height=\"877\" srcset=\"https:\/\/www.musikverein-breitenthal.de\/Wordpress\/wp-content\/uploads\/2019\/05\/floeten_mix-724x1024.jpg 724w, https:\/\/www.musikverein-breitenthal.de\/Wordpress\/wp-content\/uploads\/2019\/05\/floeten_mix-212x300.jpg 212w, https:\/\/www.musikverein-breitenthal.de\/Wordpress\/wp-content\/uploads\/2019\/05\/floeten_mix-768x1086.jpg 768w, https:\/\/www.musikverein-breitenthal.de\/Wordpress\/wp-content\/uploads\/2019\/05\/floeten_mix-620x877.jpg 620w\" sizes=\"auto, (max-width: 620px) 100vw, 620px\" \/><\/td>\n<\/tr>\n<\/tbody>\n<\/table>\n<p>Die Blockfl\u00f6tensch\u00fcler sind vollst\u00e4ndig in den Verein integriert. So sind sie beispielsweise bei Auftritten dabei, um das bereits Erlernte zu pr\u00e4sentieren.<\/p>\n<p>Einen sehr wichtigen Aspekt sehen wir auch darin, dass die Kinder das Notenlesen lernen &#8211; mit Blick auf den sp\u00e4teren Musikunterricht in der Schule ist das ein nicht zu untersch\u00e4tzender Vorteil.<\/p>\n<p>Zudem ist der Blockfl\u00f6tenunterricht eine gute Vorbereitung f\u00fcr den weiterf\u00fchrenden Instrumentalunterricht.<\/p>\n<p>Unsere Blockfl\u00f6tenstunde findet in der Regel samstags im eigenen Proberaum des Musikvereins Breitenthal statt.<\/p>\n<p>Kurs\u00a0 Fortgeschrittene: 09:00 Uhr \u2013 10:00 Uhr<\/p>\n<p>Der Spa\u00df darf bei uns nat\u00fcrlich auch nicht zu kurz kommen:<\/p>\n<p><img loading=\"lazy\" decoding=\"async\" class=\"alignleft size-large wp-image-692\" src=\"http:\/\/www.musikverein-breitenthal.de\/Wordpress\/wp-content\/uploads\/2019\/05\/spass_mix-724x1024.jpg\" alt=\"\" width=\"620\" height=\"877\" srcset=\"https:\/\/www.musikverein-breitenthal.de\/Wordpress\/wp-content\/uploads\/2019\/05\/spass_mix-724x1024.jpg 724w, https:\/\/www.musikverein-breitenthal.de\/Wordpress\/wp-content\/uploads\/2019\/05\/spass_mix-212x300.jpg 212w, https:\/\/www.musikverein-breitenthal.de\/Wordpress\/wp-content\/uploads\/2019\/05\/spass_mix-768x1086.jpg 768w, https:\/\/www.musikverein-breitenthal.de\/Wordpress\/wp-content\/uploads\/2019\/05\/spass_mix-620x877.jpg 620w\" sizes=\"auto, (max-width: 620px) 100vw, 620px\" \/><\/p>\n","protected":false},"excerpt":{"rendered":"<p>Der Blockfl\u00f6tenunterricht ist die einfachste Art, f\u00fcr Vorschul- und Grundschulkinder Noten zu lernen. Vermittelt werden neben der Notenlehre haupts\u00e4chlich das Rhythmusgef\u00fchl sowie die Schulung des H\u00f6rverm\u00f6gens. Schon beim Erlernen der Blockfl\u00f6te zeigt sich den Eltern die musikalische Begabung ihres Kindes. Wir legen viel Wert darauf, in kleinen Schritten zu lernen. Die Sch\u00fcler eignen sich nach [&hellip;]<\/p>\n","protected":false},"author":1,"featured_media":0,"parent":8,"menu_order":0,"comment_status":"closed","ping_status":"closed","template":"","meta":{"footnotes":""},"class_list":["post-577","page","type-page","status-publish","hentry"],"_links":{"self":[{"href":"https:\/\/www.musikverein-breitenthal.de\/Wordpress\/wp-json\/wp\/v2\/pages\/577","targetHints":{"allow":["GET"]}}],"collection":[{"href":"https:\/\/www.musikverein-breitenthal.de\/Wordpress\/wp-json\/wp\/v2\/pages"}],"about":[{"href":"https:\/\/www.musikverein-breitenthal.de\/Wordpress\/wp-json\/wp\/v2\/types\/page"}],"author":[{"embeddable":true,"href":"https:\/\/www.musikverein-breitenthal.de\/Wordpress\/wp-json\/wp\/v2\/users\/1"}],"replies":[{"embeddable":true,"href":"https:\/\/www.musikverein-breitenthal.de\/Wordpress\/wp-json\/wp\/v2\/comments?post=577"}],"version-history":[{"count":5,"href":"https:\/\/www.musikverein-breitenthal.de\/Wordpress\/wp-json\/wp\/v2\/pages\/577\/revisions"}],"predecessor-version":[{"id":803,"href":"https:\/\/www.musikverein-breitenthal.de\/Wordpress\/wp-json\/wp\/v2\/pages\/577\/revisions\/803"}],"up":[{"embeddable":true,"href":"https:\/\/www.musikverein-breitenthal.de\/Wordpress\/wp-json\/wp\/v2\/pages\/8"}],"wp:attachment":[{"href":"https:\/\/www.musikverein-breitenthal.de\/Wordpress\/wp-json\/wp\/v2\/media?parent=577"}],"curies":[{"name":"wp","href":"https:\/\/api.w.org\/{rel}","templated":true}]}}