{"id":5,"date":"2015-04-12T10:47:07","date_gmt":"2015-04-12T10:47:07","guid":{"rendered":"http:\/\/mvbreitenthal.wordpress.com\/?page_id=1"},"modified":"2023-05-12T10:43:03","modified_gmt":"2023-05-12T08:43:03","slug":"eine-seite","status":"publish","type":"page","link":"https:\/\/www.musikverein-breitenthal.de\/Wordpress\/eine-seite\/","title":{"rendered":"Wir \u00fcber uns"},"content":{"rendered":"<p align=\"justify\">Breitenthal ist ein kleiner Ort mit ca. 700 Einwohnern und liegt im westlichen Teil Bayerns, ca. 50km s\u00fcdwestlich von Augsburg, im Regierungsbezirk Schwaben. Die Musikkapelle Breitenthal l\u00e4sst sich bis ins Jahr 1830 zur\u00fcckverfolgen und ist Gr\u00fcndungsmitglied des Tisogau, heute als Bezirk 11 des Allg\u00e4u-Schw\u00e4bischen-Musikbundes (ASM) gef\u00fchrt.<\/p>\n<p><img loading=\"lazy\" decoding=\"async\" class=\"aligncenter size-large wp-image-1485\" src=\"https:\/\/www.musikverein-breitenthal.de\/Wordpress\/wp-content\/uploads\/2022\/07\/Gesamtbild-1024x683.jpg\" alt=\"\" width=\"620\" height=\"414\" srcset=\"https:\/\/www.musikverein-breitenthal.de\/Wordpress\/wp-content\/uploads\/2022\/07\/Gesamtbild-1024x683.jpg 1024w, https:\/\/www.musikverein-breitenthal.de\/Wordpress\/wp-content\/uploads\/2022\/07\/Gesamtbild-300x200.jpg 300w, https:\/\/www.musikverein-breitenthal.de\/Wordpress\/wp-content\/uploads\/2022\/07\/Gesamtbild-768x512.jpg 768w, https:\/\/www.musikverein-breitenthal.de\/Wordpress\/wp-content\/uploads\/2022\/07\/Gesamtbild-620x413.jpg 620w, https:\/\/www.musikverein-breitenthal.de\/Wordpress\/wp-content\/uploads\/2022\/07\/Gesamtbild.jpg 1200w\" sizes=\"auto, (max-width: 620px) 100vw, 620px\" \/><br \/>\nDer Musikverein Breitenthal legt seit Jahrzehnten den Schwerpunkt seines musikalischen Schaffens auf die konzertante Blasmusik. Schon seit 1977 trat der Musikverein Breitenthal bei Wertungsspielen in der Oberstufe an. Waren es anfangs Urban Lecheler und Hermann Kolb, die den Grundstein f\u00fcr &#8222;konzertante Musik&#8220; gelegt haben, hat Thomas Wieser das Orchester mit der Literatur f\u00fcr Sinfonisches Blasorchester vertraut gemacht. Marina Beer f\u00fchrt uns nun auf diesem Weg weiter.<\/p>\n<p>Tief verwurzelt im d\u00f6rflichen Leben und in der christlichen Tradition ist die Umrahmung der kirchlichen Feste im Jahreskreis fester Bestandteil der Auftritte. Auch gesellige Anl\u00e4sse wie St\u00e4ndchen, Fr\u00fchschoppenkonzerte und Unterhaltungsabende geh\u00f6ren selbstverst\u00e4ndlich ins Repertoire.<br \/>\nDen Schwerpunkt legten die Breitenthaler Musiker jedoch stets auf Wettbewerbe und Konzerte. Besonderes Augenmerk bei der intensiven Probenarbeit wird auf den Klang des Orchesters gelegt, wobei Intonation, Rhythmik und Klangbalance die Eckpfeiler eines ausgewogenen und weichen Klangbildes darstellen, durch welches sich der Musikverein Breitenthal von vielen anderen Orchestern unterscheidet.<\/p>\n<p>Auf internationaler Ebene hat sich der Musikverein Breitenthal beim renommierten Blasorchesterwettbewerb \u201eFlicorno d` Oro\u201c 2005 in Riva del Garda\/Italien mit drei ersten Preisen einen Namen gemacht. Damit war der Musikverein das erste deutsche Blasorchester dem es gelungen ist, diesen internationalen Wettbewerb zu gewinnen.<\/p>\n<p>Ein weiterer Meilenstein in der erfolgreichen Entwicklung des Orchesters war der Oberstufenwettbewerb des Allg\u00e4u-Schw\u00e4bischen Musikbundes im Oktober 2005. Dort erzielte der Musikverein Breitenthal den 1. Platz und wurde damit zum besten Oberstufenorchester des ASM ernannt.<\/p>\n<p>Im Jahr 2006 wagte der Musikverein Breitenthal den Schritt in die H\u00f6chststufe, hat seitdem j\u00e4hrlich in dieser Kategorie an zwei bis vier Wertungsspielen teilgenommen und dabei meist &#8222;mit ausgezeichnetem Erfolg&#8220; abgeschnitten, oft sogar als punktbestes Orchester (<a title=\"Wertungsspiele\" href=\"http:\/\/www.musikverein-breitenthal.de\/Wordpress\/eine-seite\/wertungsspiele\/\">Wertungsspielergebnisse<\/a>).<\/p>\n<p>Im Oktober 2007 durfte der Musikverein Breitenthal als offizieller Vertreter des Allg\u00e4u-Schw\u00e4bischen Musikbundes zum Tiroler Landesmusikfest nach Innsbruck reisen und an den Festivit\u00e4ten teilnehmen.<\/p>\n<p>Die mehrfache Auff\u00fchrung der Missa Katharina von Jacob de Haan (ein Werk f\u00fcr Blasorchester und Chor) in der Klosterkirche Roggenburg und auch in Ludwigsburg hat den musikalischen Horizont des Orchesters zudem erweitert und zu \u00fcberregionaler Bekanntheit gef\u00fchrt.<\/p>\n<p>Im Jahr 2010 hatten wir die Ehre und das Vergn\u00fcgen, an den Innsbrucker Promenadenkonzerte im Innenhof der Innsbrucker Hofburg teilzunehmen.<\/p>\n","protected":false},"excerpt":{"rendered":"<p>Breitenthal ist ein kleiner Ort mit ca. 700 Einwohnern und liegt im westlichen Teil Bayerns, ca. 50km s\u00fcdwestlich von Augsburg, im Regierungsbezirk Schwaben. Die Musikkapelle Breitenthal l\u00e4sst sich bis ins Jahr 1830 zur\u00fcckverfolgen und ist Gr\u00fcndungsmitglied des Tisogau, heute als Bezirk 11 des Allg\u00e4u-Schw\u00e4bischen-Musikbundes (ASM) gef\u00fchrt. Der Musikverein Breitenthal legt seit Jahrzehnten den Schwerpunkt seines [&hellip;]<\/p>\n","protected":false},"author":2,"featured_media":0,"parent":0,"menu_order":10,"comment_status":"closed","ping_status":"closed","template":"","meta":{"footnotes":""},"class_list":["post-5","page","type-page","status-publish","hentry"],"_links":{"self":[{"href":"https:\/\/www.musikverein-breitenthal.de\/Wordpress\/wp-json\/wp\/v2\/pages\/5","targetHints":{"allow":["GET"]}}],"collection":[{"href":"https:\/\/www.musikverein-breitenthal.de\/Wordpress\/wp-json\/wp\/v2\/pages"}],"about":[{"href":"https:\/\/www.musikverein-breitenthal.de\/Wordpress\/wp-json\/wp\/v2\/types\/page"}],"author":[{"embeddable":true,"href":"https:\/\/www.musikverein-breitenthal.de\/Wordpress\/wp-json\/wp\/v2\/users\/2"}],"replies":[{"embeddable":true,"href":"https:\/\/www.musikverein-breitenthal.de\/Wordpress\/wp-json\/wp\/v2\/comments?post=5"}],"version-history":[{"count":3,"href":"https:\/\/www.musikverein-breitenthal.de\/Wordpress\/wp-json\/wp\/v2\/pages\/5\/revisions"}],"predecessor-version":[{"id":1603,"href":"https:\/\/www.musikverein-breitenthal.de\/Wordpress\/wp-json\/wp\/v2\/pages\/5\/revisions\/1603"}],"wp:attachment":[{"href":"https:\/\/www.musikverein-breitenthal.de\/Wordpress\/wp-json\/wp\/v2\/media?parent=5"}],"curies":[{"name":"wp","href":"https:\/\/api.w.org\/{rel}","templated":true}]}}