{"id":43,"date":"2015-04-12T19:34:34","date_gmt":"2015-04-12T17:34:34","guid":{"rendered":"https:\/\/mvbreitenthal.wordpress.com\/?page_id=43"},"modified":"2015-10-01T19:21:28","modified_gmt":"2015-10-01T17:21:28","slug":"chronik","status":"publish","type":"page","link":"https:\/\/www.musikverein-breitenthal.de\/Wordpress\/eine-seite\/chronik\/","title":{"rendered":"Chronik"},"content":{"rendered":"<p align=\"justify\">Selten findet man so gewissenhafte und aufschlussreiche Aufzeichnungen wie beim Musikverein Breitenthal. Der Dorfchronist Julius Harder (1865 bis 1944), jahrzehntelang Dirigent, Chorleiter und Organist, Urban Lecheler (1894 bis 1980), Chronist des Musikvereins bis zu seinem Tode, 35 Jahre Dirigent, Chorleiter und Organist, und nicht zuletzt auch Hermann Kolb, geboren 1937, Chorleiter und 31 Jahre Dirigent dieser Kapelle, sind Zeitzeugen, die alle H\u00f6hen und Tiefen des Vereins miterlebt haben.<\/p>\n<div align=\"justify\">\n<p>Die Anf\u00e4nge der Kapelle reichen laut Julius Harder etwa in die Mitte des 19. Jahrhunderts zur\u00fcck. Die Wurzeln jedoch d\u00fcrften wohl mehr im kirchenmusikalischen Bereich zu finden sein. Die Kirchenorchester (Streichorchester) waren in dieser Zeit sehr verbreitet und fanden laut Chronisten in Breitenthal eine Erweiterung durch zwei H\u00f6rner und zwei Trompeten. Die ersten Blasmusikgruppen existieren nur als reine Tanzkapellen in sechsstimmiger Blechbesetzung. In den Jahren ab 1890 bis 1914 erweiterte Julius Harder die Tanzkapelle zu einer Musiziergruppe, die auch ausw\u00e4rts kleine Konzerte geben konnte. Mangels Literatur arrangierte er aus Harmoniumheften f\u00fcr seine Besetzung selber Musikst\u00fccke.<\/p>\n<p>1918 \u00fcbergab Julius Harder den Dirigentenstab an Urban Lecheler, der bei der Wehrmacht die Milit\u00e4rkapellen kennen gelernt hatte. Dieser baute nun mit viel Energie aus 15 Mann eine Konzertkapelle in Kavalleriemusikbesetzung (reine Blechbesetzung) auf, hob das Niveau der Kapelle bis zur Oberstufe und war in den 20er Jahren bei Wettspielen \u00e4u\u00dferst erfolgreich. 1933 brachten unertr\u00e4gliche Bestimmungen des Dritten Reiches die musikalischen T\u00e4tigkeiten zum Erliegen. 1951 wurde in Verbindung mit dem Aufbau einer Jugendkapelle der Musikverein Breitenthal gegr\u00fcndet.<\/p>\n<\/div>\n<p align=\"justify\">Auf Grund steter Jungbl\u00e4serausbildung und der Gr\u00fcndung einer neuen Jugendkapelle Ende der 60er Jahre konnte Hermann Kolb, der 1956 das Dirigentenamt \u00fcbernommen hatte, dann 1977 den Sprung in die Oberstufe wagen. Als im Januar 1996 Thomas Wieser die Hauptverantwortung der musikalischen Leitung \u00fcbernahm, war der Taktstock ab 1987 durch die H\u00e4nde von Heinrich Marx, Manfred Trauner und Petra K\u00f6nigsberger gegangen.<\/p>\n<p align=\"justify\">Der Leistungsstand der rund 55 Musikerinnen und Musiker z\u00e4hlenden Kapelle konnte seit der \u00dcbernahme des Dirigentenamtes durch Thomas Wieser wesentlich gesteigert werden.<br \/>\nSo wurde 2005 beim internaltionalen Blasorchesterwettbewerb \u201eFlicorno d` Oro\u201c 2005 in Riva del Garda\/Italien mit drei ersten Preisen ein herausragender Erfolg erzielt.<br \/>\nEin weiterer Meilenstein in der erfolgreichen Entwicklung des Orchesters war der Oberstufenwettbewerb des Allg\u00e4u-Schw\u00e4bischen Musikbundes im Oktober 2005. Dort erzielte der Musikverein Breitenthal den 1. Platz.<\/p>\n<p align=\"justify\">Seit 2006 tritt der Musikverein Breitenthal sehr erfolgreich bei Wertungsspielen in der H\u00f6chststufe an.<\/p>\n","protected":false},"excerpt":{"rendered":"<p>Selten findet man so gewissenhafte und aufschlussreiche Aufzeichnungen wie beim Musikverein Breitenthal. Der Dorfchronist Julius Harder (1865 bis 1944), jahrzehntelang Dirigent, Chorleiter und Organist, Urban Lecheler (1894 bis 1980), Chronist des Musikvereins bis zu seinem Tode, 35 Jahre Dirigent, Chorleiter und Organist, und nicht zuletzt auch Hermann Kolb, geboren 1937, Chorleiter und 31 Jahre Dirigent [&hellip;]<\/p>\n","protected":false},"author":2,"featured_media":0,"parent":5,"menu_order":50,"comment_status":"closed","ping_status":"closed","template":"","meta":{"footnotes":""},"class_list":["post-43","page","type-page","status-publish","hentry"],"_links":{"self":[{"href":"https:\/\/www.musikverein-breitenthal.de\/Wordpress\/wp-json\/wp\/v2\/pages\/43","targetHints":{"allow":["GET"]}}],"collection":[{"href":"https:\/\/www.musikverein-breitenthal.de\/Wordpress\/wp-json\/wp\/v2\/pages"}],"about":[{"href":"https:\/\/www.musikverein-breitenthal.de\/Wordpress\/wp-json\/wp\/v2\/types\/page"}],"author":[{"embeddable":true,"href":"https:\/\/www.musikverein-breitenthal.de\/Wordpress\/wp-json\/wp\/v2\/users\/2"}],"replies":[{"embeddable":true,"href":"https:\/\/www.musikverein-breitenthal.de\/Wordpress\/wp-json\/wp\/v2\/comments?post=43"}],"version-history":[{"count":1,"href":"https:\/\/www.musikverein-breitenthal.de\/Wordpress\/wp-json\/wp\/v2\/pages\/43\/revisions"}],"predecessor-version":[{"id":169,"href":"https:\/\/www.musikverein-breitenthal.de\/Wordpress\/wp-json\/wp\/v2\/pages\/43\/revisions\/169"}],"up":[{"embeddable":true,"href":"https:\/\/www.musikverein-breitenthal.de\/Wordpress\/wp-json\/wp\/v2\/pages\/5"}],"wp:attachment":[{"href":"https:\/\/www.musikverein-breitenthal.de\/Wordpress\/wp-json\/wp\/v2\/media?parent=43"}],"curies":[{"name":"wp","href":"https:\/\/api.w.org\/{rel}","templated":true}]}}