{"id":29,"date":"2015-04-12T19:04:39","date_gmt":"2015-04-12T17:04:39","guid":{"rendered":"https:\/\/mvbreitenthal.wordpress.com\/?page_id=29"},"modified":"2026-04-20T10:05:33","modified_gmt":"2026-04-20T08:05:33","slug":"impressum","status":"publish","type":"page","link":"https:\/\/www.musikverein-breitenthal.de\/Wordpress\/impressum\/","title":{"rendered":"Impressum"},"content":{"rendered":"<div align=\"justify\">\n<p><strong>Musikverein Breitenthal e. V.<\/strong><\/p>\n<p>Am Froschacker 2<br \/>\n86488 Breitenthal<br \/>\nTelefon: 0176 24412316<br \/>\nE-Mail: <a href=\"mailto:vorstand@musikverein-breitenthal.de\"><span style=\"text-decoration: underline;\"><span style=\"color: #0066cc;\">hier klicken<\/span><\/span><\/a><br \/>\nInternet: www.musikverein-breitenthal.de<\/p>\n<\/div>\n<div align=\"justify\">Vertretungsberechtigter Vorstand:<\/div>\n<div align=\"justify\">Tamara Jehle, Simone Keller<\/div>\n<p>Registergericht: Amtsgericht Memmingen<br \/>\nRegisternummer: VR 10178<\/p>\n<p>Haftungshinweis: Trotz sorgf\u00e4ltiger inhaltlicher Kontrolle \u00fcbernehmen wir keine Haftung f\u00fcr die Inhalte externer Links. F\u00fcr den Inhalt der verlinkten Seiten sind ausschlie\u00dflich deren Betreiber verantwortlich.<\/p>\n<p>Das Impressum gilt auf f\u00fcr folgende Social Media Profile:<br \/>\nInstagram &#8211; https:\/\/www.instagram.com\/musikverein_breitenthal<br \/>\nFacebook &#8211; https:\/\/www.facebook.com\/MVBreitenthal<\/p>\n","protected":false},"excerpt":{"rendered":"<p>Musikverein Breitenthal e. V. Am Froschacker 2 86488 Breitenthal Telefon: 0176 24412316 E-Mail: hier klicken Internet: www.musikverein-breitenthal.de Vertretungsberechtigter Vorstand: Tamara Jehle, Simone Keller Registergericht: Amtsgericht Memmingen Registernummer: VR 10178 Haftungshinweis: Trotz sorgf\u00e4ltiger inhaltlicher Kontrolle \u00fcbernehmen wir keine Haftung f\u00fcr die Inhalte externer Links. F\u00fcr den Inhalt der verlinkten Seiten sind ausschlie\u00dflich deren Betreiber verantwortlich. Das [&hellip;]<\/p>\n","protected":false},"author":2,"featured_media":0,"parent":0,"menu_order":99,"comment_status":"closed","ping_status":"closed","template":"","meta":{"footnotes":""},"class_list":["post-29","page","type-page","status-publish","hentry"],"_links":{"self":[{"href":"https:\/\/www.musikverein-breitenthal.de\/Wordpress\/wp-json\/wp\/v2\/pages\/29","targetHints":{"allow":["GET"]}}],"collection":[{"href":"https:\/\/www.musikverein-breitenthal.de\/Wordpress\/wp-json\/wp\/v2\/pages"}],"about":[{"href":"https:\/\/www.musikverein-breitenthal.de\/Wordpress\/wp-json\/wp\/v2\/types\/page"}],"author":[{"embeddable":true,"href":"https:\/\/www.musikverein-breitenthal.de\/Wordpress\/wp-json\/wp\/v2\/users\/2"}],"replies":[{"embeddable":true,"href":"https:\/\/www.musikverein-breitenthal.de\/Wordpress\/wp-json\/wp\/v2\/comments?post=29"}],"version-history":[{"count":10,"href":"https:\/\/www.musikverein-breitenthal.de\/Wordpress\/wp-json\/wp\/v2\/pages\/29\/revisions"}],"predecessor-version":[{"id":2014,"href":"https:\/\/www.musikverein-breitenthal.de\/Wordpress\/wp-json\/wp\/v2\/pages\/29\/revisions\/2014"}],"wp:attachment":[{"href":"https:\/\/www.musikverein-breitenthal.de\/Wordpress\/wp-json\/wp\/v2\/media?parent=29"}],"curies":[{"name":"wp","href":"https:\/\/api.w.org\/{rel}","templated":true}]}}