{"id":1644,"date":"2023-09-02T10:28:56","date_gmt":"2023-09-02T08:28:56","guid":{"rendered":"https:\/\/www.musikverein-breitenthal.de\/Wordpress\/?page_id=1644"},"modified":"2025-11-15T14:47:09","modified_gmt":"2025-11-15T13:47:09","slug":"dorfplatzzauber","status":"publish","type":"page","link":"https:\/\/www.musikverein-breitenthal.de\/Wordpress\/dorfplatzzauber\/","title":{"rendered":"Dorfplatzzauber"},"content":{"rendered":"\n<figure class=\"wp-block-image size-large\"><a href=\"https:\/\/www.musikverein-breitenthal.de\/Wordpress\/wp-content\/uploads\/2025\/10\/Titel.png\"><img loading=\"lazy\" decoding=\"async\" width=\"1024\" height=\"538\" src=\"https:\/\/www.musikverein-breitenthal.de\/Wordpress\/wp-content\/uploads\/2025\/10\/Titel-1024x538.png\" alt=\"\" class=\"wp-image-1924\" srcset=\"https:\/\/www.musikverein-breitenthal.de\/Wordpress\/wp-content\/uploads\/2025\/10\/Titel-1024x538.png 1024w, https:\/\/www.musikverein-breitenthal.de\/Wordpress\/wp-content\/uploads\/2025\/10\/Titel-300x158.png 300w, https:\/\/www.musikverein-breitenthal.de\/Wordpress\/wp-content\/uploads\/2025\/10\/Titel-768x403.png 768w, https:\/\/www.musikverein-breitenthal.de\/Wordpress\/wp-content\/uploads\/2025\/10\/Titel-620x326.png 620w, https:\/\/www.musikverein-breitenthal.de\/Wordpress\/wp-content\/uploads\/2025\/10\/Titel.png 1200w\" sizes=\"auto, (max-width: 1024px) 100vw, 1024px\" \/><\/a><\/figure>\n\n\n\n<h2 class=\"wp-block-heading\">Unsere Aussteller<\/h2>\n\n\n\n<figure class=\"wp-block-gallery columns-3 is-cropped wp-block-gallery-1 is-layout-flex wp-block-gallery-is-layout-flex\"><ul class=\"blocks-gallery-grid\"><li class=\"blocks-gallery-item\"><figure><a href=\"https:\/\/www.musikverein-breitenthal.de\/Wordpress\/wp-content\/uploads\/2025\/11\/Berguef.png\"><img loading=\"lazy\" decoding=\"async\" width=\"1024\" height=\"538\" src=\"https:\/\/www.musikverein-breitenthal.de\/Wordpress\/wp-content\/uploads\/2025\/11\/Berguef-1024x538.png\" alt=\"\" data-id=\"1937\" data-full-url=\"https:\/\/www.musikverein-breitenthal.de\/Wordpress\/wp-content\/uploads\/2025\/11\/Berguef.png\" data-link=\"https:\/\/www.musikverein-breitenthal.de\/Wordpress\/dorfplatzzauber\/berguef\/\" class=\"wp-image-1937\" srcset=\"https:\/\/www.musikverein-breitenthal.de\/Wordpress\/wp-content\/uploads\/2025\/11\/Berguef-1024x538.png 1024w, https:\/\/www.musikverein-breitenthal.de\/Wordpress\/wp-content\/uploads\/2025\/11\/Berguef-300x158.png 300w, https:\/\/www.musikverein-breitenthal.de\/Wordpress\/wp-content\/uploads\/2025\/11\/Berguef-768x403.png 768w, https:\/\/www.musikverein-breitenthal.de\/Wordpress\/wp-content\/uploads\/2025\/11\/Berguef-620x326.png 620w, https:\/\/www.musikverein-breitenthal.de\/Wordpress\/wp-content\/uploads\/2025\/11\/Berguef.png 1200w\" sizes=\"auto, (max-width: 1024px) 100vw, 1024px\" \/><\/a><\/figure><\/li><li class=\"blocks-gallery-item\"><figure><a href=\"https:\/\/www.musikverein-breitenthal.de\/Wordpress\/wp-content\/uploads\/2025\/11\/ceurdebeton.png\"><img loading=\"lazy\" decoding=\"async\" width=\"1024\" height=\"538\" src=\"https:\/\/www.musikverein-breitenthal.de\/Wordpress\/wp-content\/uploads\/2025\/11\/ceurdebeton-1024x538.png\" alt=\"\" data-id=\"1938\" data-full-url=\"https:\/\/www.musikverein-breitenthal.de\/Wordpress\/wp-content\/uploads\/2025\/11\/ceurdebeton.png\" data-link=\"https:\/\/www.musikverein-breitenthal.de\/Wordpress\/dorfplatzzauber\/ceurdebeton\/\" class=\"wp-image-1938\" srcset=\"https:\/\/www.musikverein-breitenthal.de\/Wordpress\/wp-content\/uploads\/2025\/11\/ceurdebeton-1024x538.png 1024w, https:\/\/www.musikverein-breitenthal.de\/Wordpress\/wp-content\/uploads\/2025\/11\/ceurdebeton-300x158.png 300w, https:\/\/www.musikverein-breitenthal.de\/Wordpress\/wp-content\/uploads\/2025\/11\/ceurdebeton-768x403.png 768w, https:\/\/www.musikverein-breitenthal.de\/Wordpress\/wp-content\/uploads\/2025\/11\/ceurdebeton-620x326.png 620w, https:\/\/www.musikverein-breitenthal.de\/Wordpress\/wp-content\/uploads\/2025\/11\/ceurdebeton.png 1200w\" sizes=\"auto, (max-width: 1024px) 100vw, 1024px\" \/><\/a><\/figure><\/li><li class=\"blocks-gallery-item\"><figure><a href=\"https:\/\/www.musikverein-breitenthal.de\/Wordpress\/wp-content\/uploads\/2025\/11\/flinkerfaden.png\"><img loading=\"lazy\" decoding=\"async\" width=\"1024\" height=\"538\" src=\"https:\/\/www.musikverein-breitenthal.de\/Wordpress\/wp-content\/uploads\/2025\/11\/flinkerfaden-1024x538.png\" alt=\"\" data-id=\"1939\" data-full-url=\"https:\/\/www.musikverein-breitenthal.de\/Wordpress\/wp-content\/uploads\/2025\/11\/flinkerfaden.png\" data-link=\"https:\/\/www.musikverein-breitenthal.de\/Wordpress\/dorfplatzzauber\/flinkerfaden\/\" class=\"wp-image-1939\" srcset=\"https:\/\/www.musikverein-breitenthal.de\/Wordpress\/wp-content\/uploads\/2025\/11\/flinkerfaden-1024x538.png 1024w, https:\/\/www.musikverein-breitenthal.de\/Wordpress\/wp-content\/uploads\/2025\/11\/flinkerfaden-300x158.png 300w, https:\/\/www.musikverein-breitenthal.de\/Wordpress\/wp-content\/uploads\/2025\/11\/flinkerfaden-768x403.png 768w, https:\/\/www.musikverein-breitenthal.de\/Wordpress\/wp-content\/uploads\/2025\/11\/flinkerfaden-620x326.png 620w, https:\/\/www.musikverein-breitenthal.de\/Wordpress\/wp-content\/uploads\/2025\/11\/flinkerfaden.png 1200w\" sizes=\"auto, (max-width: 1024px) 100vw, 1024px\" \/><\/a><\/figure><\/li><li class=\"blocks-gallery-item\"><figure><a href=\"https:\/\/www.musikverein-breitenthal.de\/Wordpress\/wp-content\/uploads\/2025\/11\/guenztallamm.png\"><img loading=\"lazy\" decoding=\"async\" width=\"1024\" height=\"538\" src=\"https:\/\/www.musikverein-breitenthal.de\/Wordpress\/wp-content\/uploads\/2025\/11\/guenztallamm-1024x538.png\" alt=\"\" data-id=\"1940\" data-full-url=\"https:\/\/www.musikverein-breitenthal.de\/Wordpress\/wp-content\/uploads\/2025\/11\/guenztallamm.png\" data-link=\"https:\/\/www.musikverein-breitenthal.de\/Wordpress\/dorfplatzzauber\/guenztallamm\/\" class=\"wp-image-1940\" srcset=\"https:\/\/www.musikverein-breitenthal.de\/Wordpress\/wp-content\/uploads\/2025\/11\/guenztallamm-1024x538.png 1024w, https:\/\/www.musikverein-breitenthal.de\/Wordpress\/wp-content\/uploads\/2025\/11\/guenztallamm-300x158.png 300w, https:\/\/www.musikverein-breitenthal.de\/Wordpress\/wp-content\/uploads\/2025\/11\/guenztallamm-768x403.png 768w, https:\/\/www.musikverein-breitenthal.de\/Wordpress\/wp-content\/uploads\/2025\/11\/guenztallamm-620x326.png 620w, https:\/\/www.musikverein-breitenthal.de\/Wordpress\/wp-content\/uploads\/2025\/11\/guenztallamm.png 1200w\" sizes=\"auto, (max-width: 1024px) 100vw, 1024px\" \/><\/a><\/figure><\/li><li class=\"blocks-gallery-item\"><figure><a href=\"https:\/\/www.musikverein-breitenthal.de\/Wordpress\/wp-content\/uploads\/2025\/11\/Herzwerk.png\"><img loading=\"lazy\" decoding=\"async\" width=\"1024\" height=\"538\" src=\"https:\/\/www.musikverein-breitenthal.de\/Wordpress\/wp-content\/uploads\/2025\/11\/Herzwerk-1024x538.png\" alt=\"\" data-id=\"1941\" data-full-url=\"https:\/\/www.musikverein-breitenthal.de\/Wordpress\/wp-content\/uploads\/2025\/11\/Herzwerk.png\" data-link=\"https:\/\/www.musikverein-breitenthal.de\/Wordpress\/dorfplatzzauber\/herzwerk\/\" class=\"wp-image-1941\" srcset=\"https:\/\/www.musikverein-breitenthal.de\/Wordpress\/wp-content\/uploads\/2025\/11\/Herzwerk-1024x538.png 1024w, https:\/\/www.musikverein-breitenthal.de\/Wordpress\/wp-content\/uploads\/2025\/11\/Herzwerk-300x158.png 300w, https:\/\/www.musikverein-breitenthal.de\/Wordpress\/wp-content\/uploads\/2025\/11\/Herzwerk-768x403.png 768w, https:\/\/www.musikverein-breitenthal.de\/Wordpress\/wp-content\/uploads\/2025\/11\/Herzwerk-620x326.png 620w, https:\/\/www.musikverein-breitenthal.de\/Wordpress\/wp-content\/uploads\/2025\/11\/Herzwerk.png 1200w\" sizes=\"auto, (max-width: 1024px) 100vw, 1024px\" \/><\/a><\/figure><\/li><li class=\"blocks-gallery-item\"><figure><a href=\"https:\/\/www.musikverein-breitenthal.de\/Wordpress\/wp-content\/uploads\/2025\/11\/holzkunstkathi.png\"><img loading=\"lazy\" decoding=\"async\" width=\"1024\" height=\"538\" src=\"https:\/\/www.musikverein-breitenthal.de\/Wordpress\/wp-content\/uploads\/2025\/11\/holzkunstkathi-1024x538.png\" alt=\"\" data-id=\"1942\" data-full-url=\"https:\/\/www.musikverein-breitenthal.de\/Wordpress\/wp-content\/uploads\/2025\/11\/holzkunstkathi.png\" data-link=\"https:\/\/www.musikverein-breitenthal.de\/Wordpress\/dorfplatzzauber\/holzkunstkathi\/\" class=\"wp-image-1942\" srcset=\"https:\/\/www.musikverein-breitenthal.de\/Wordpress\/wp-content\/uploads\/2025\/11\/holzkunstkathi-1024x538.png 1024w, https:\/\/www.musikverein-breitenthal.de\/Wordpress\/wp-content\/uploads\/2025\/11\/holzkunstkathi-300x158.png 300w, https:\/\/www.musikverein-breitenthal.de\/Wordpress\/wp-content\/uploads\/2025\/11\/holzkunstkathi-768x403.png 768w, https:\/\/www.musikverein-breitenthal.de\/Wordpress\/wp-content\/uploads\/2025\/11\/holzkunstkathi-620x326.png 620w, https:\/\/www.musikverein-breitenthal.de\/Wordpress\/wp-content\/uploads\/2025\/11\/holzkunstkathi.png 1200w\" sizes=\"auto, (max-width: 1024px) 100vw, 1024px\" \/><\/a><\/figure><\/li><li class=\"blocks-gallery-item\"><figure><a href=\"https:\/\/www.musikverein-breitenthal.de\/Wordpress\/wp-content\/uploads\/2025\/11\/holzzeller.png\"><img loading=\"lazy\" decoding=\"async\" width=\"1024\" height=\"538\" src=\"https:\/\/www.musikverein-breitenthal.de\/Wordpress\/wp-content\/uploads\/2025\/11\/holzzeller-1024x538.png\" alt=\"\" data-id=\"1943\" data-full-url=\"https:\/\/www.musikverein-breitenthal.de\/Wordpress\/wp-content\/uploads\/2025\/11\/holzzeller.png\" data-link=\"https:\/\/www.musikverein-breitenthal.de\/Wordpress\/dorfplatzzauber\/holzzeller\/\" class=\"wp-image-1943\" srcset=\"https:\/\/www.musikverein-breitenthal.de\/Wordpress\/wp-content\/uploads\/2025\/11\/holzzeller-1024x538.png 1024w, https:\/\/www.musikverein-breitenthal.de\/Wordpress\/wp-content\/uploads\/2025\/11\/holzzeller-300x158.png 300w, https:\/\/www.musikverein-breitenthal.de\/Wordpress\/wp-content\/uploads\/2025\/11\/holzzeller-768x403.png 768w, https:\/\/www.musikverein-breitenthal.de\/Wordpress\/wp-content\/uploads\/2025\/11\/holzzeller-620x326.png 620w, https:\/\/www.musikverein-breitenthal.de\/Wordpress\/wp-content\/uploads\/2025\/11\/holzzeller.png 1200w\" sizes=\"auto, (max-width: 1024px) 100vw, 1024px\" \/><\/a><\/figure><\/li><li class=\"blocks-gallery-item\"><figure><a href=\"https:\/\/www.musikverein-breitenthal.de\/Wordpress\/wp-content\/uploads\/2025\/11\/honigboeck.png\"><img loading=\"lazy\" decoding=\"async\" width=\"1024\" height=\"538\" src=\"https:\/\/www.musikverein-breitenthal.de\/Wordpress\/wp-content\/uploads\/2025\/11\/honigboeck-1024x538.png\" alt=\"\" data-id=\"1944\" data-full-url=\"https:\/\/www.musikverein-breitenthal.de\/Wordpress\/wp-content\/uploads\/2025\/11\/honigboeck.png\" data-link=\"https:\/\/www.musikverein-breitenthal.de\/Wordpress\/dorfplatzzauber\/honigboeck\/\" class=\"wp-image-1944\" srcset=\"https:\/\/www.musikverein-breitenthal.de\/Wordpress\/wp-content\/uploads\/2025\/11\/honigboeck-1024x538.png 1024w, https:\/\/www.musikverein-breitenthal.de\/Wordpress\/wp-content\/uploads\/2025\/11\/honigboeck-300x158.png 300w, https:\/\/www.musikverein-breitenthal.de\/Wordpress\/wp-content\/uploads\/2025\/11\/honigboeck-768x403.png 768w, https:\/\/www.musikverein-breitenthal.de\/Wordpress\/wp-content\/uploads\/2025\/11\/honigboeck-620x326.png 620w, https:\/\/www.musikverein-breitenthal.de\/Wordpress\/wp-content\/uploads\/2025\/11\/honigboeck.png 1200w\" sizes=\"auto, (max-width: 1024px) 100vw, 1024px\" \/><\/a><\/figure><\/li><li class=\"blocks-gallery-item\"><figure><a href=\"https:\/\/www.musikverein-breitenthal.de\/Wordpress\/wp-content\/uploads\/2025\/11\/kunstschmiedeschuler.png\"><img loading=\"lazy\" decoding=\"async\" width=\"1024\" height=\"538\" src=\"https:\/\/www.musikverein-breitenthal.de\/Wordpress\/wp-content\/uploads\/2025\/11\/kunstschmiedeschuler-1024x538.png\" alt=\"\" data-id=\"1945\" data-full-url=\"https:\/\/www.musikverein-breitenthal.de\/Wordpress\/wp-content\/uploads\/2025\/11\/kunstschmiedeschuler.png\" data-link=\"https:\/\/www.musikverein-breitenthal.de\/Wordpress\/dorfplatzzauber\/kunstschmiedeschuler\/\" class=\"wp-image-1945\" srcset=\"https:\/\/www.musikverein-breitenthal.de\/Wordpress\/wp-content\/uploads\/2025\/11\/kunstschmiedeschuler-1024x538.png 1024w, https:\/\/www.musikverein-breitenthal.de\/Wordpress\/wp-content\/uploads\/2025\/11\/kunstschmiedeschuler-300x158.png 300w, https:\/\/www.musikverein-breitenthal.de\/Wordpress\/wp-content\/uploads\/2025\/11\/kunstschmiedeschuler-768x403.png 768w, https:\/\/www.musikverein-breitenthal.de\/Wordpress\/wp-content\/uploads\/2025\/11\/kunstschmiedeschuler-620x326.png 620w, https:\/\/www.musikverein-breitenthal.de\/Wordpress\/wp-content\/uploads\/2025\/11\/kunstschmiedeschuler.png 1200w\" sizes=\"auto, (max-width: 1024px) 100vw, 1024px\" \/><\/a><\/figure><\/li><li class=\"blocks-gallery-item\"><figure><a href=\"https:\/\/www.musikverein-breitenthal.de\/Wordpress\/wp-content\/uploads\/2025\/11\/Lana.png\"><img loading=\"lazy\" decoding=\"async\" width=\"1024\" height=\"538\" src=\"https:\/\/www.musikverein-breitenthal.de\/Wordpress\/wp-content\/uploads\/2025\/11\/Lana-1024x538.png\" alt=\"\" data-id=\"1946\" data-full-url=\"https:\/\/www.musikverein-breitenthal.de\/Wordpress\/wp-content\/uploads\/2025\/11\/Lana.png\" data-link=\"https:\/\/www.musikverein-breitenthal.de\/Wordpress\/dorfplatzzauber\/lana\/\" class=\"wp-image-1946\" srcset=\"https:\/\/www.musikverein-breitenthal.de\/Wordpress\/wp-content\/uploads\/2025\/11\/Lana-1024x538.png 1024w, https:\/\/www.musikverein-breitenthal.de\/Wordpress\/wp-content\/uploads\/2025\/11\/Lana-300x158.png 300w, https:\/\/www.musikverein-breitenthal.de\/Wordpress\/wp-content\/uploads\/2025\/11\/Lana-768x403.png 768w, https:\/\/www.musikverein-breitenthal.de\/Wordpress\/wp-content\/uploads\/2025\/11\/Lana-620x326.png 620w, https:\/\/www.musikverein-breitenthal.de\/Wordpress\/wp-content\/uploads\/2025\/11\/Lana.png 1200w\" sizes=\"auto, (max-width: 1024px) 100vw, 1024px\" \/><\/a><\/figure><\/li><li class=\"blocks-gallery-item\"><figure><a href=\"https:\/\/www.musikverein-breitenthal.de\/Wordpress\/wp-content\/uploads\/2025\/11\/manusduft.png\"><img loading=\"lazy\" decoding=\"async\" width=\"1024\" height=\"538\" src=\"https:\/\/www.musikverein-breitenthal.de\/Wordpress\/wp-content\/uploads\/2025\/11\/manusduft-1024x538.png\" alt=\"\" data-id=\"1947\" data-full-url=\"https:\/\/www.musikverein-breitenthal.de\/Wordpress\/wp-content\/uploads\/2025\/11\/manusduft.png\" data-link=\"https:\/\/www.musikverein-breitenthal.de\/Wordpress\/dorfplatzzauber\/manusduft\/\" class=\"wp-image-1947\" srcset=\"https:\/\/www.musikverein-breitenthal.de\/Wordpress\/wp-content\/uploads\/2025\/11\/manusduft-1024x538.png 1024w, https:\/\/www.musikverein-breitenthal.de\/Wordpress\/wp-content\/uploads\/2025\/11\/manusduft-300x158.png 300w, https:\/\/www.musikverein-breitenthal.de\/Wordpress\/wp-content\/uploads\/2025\/11\/manusduft-768x403.png 768w, https:\/\/www.musikverein-breitenthal.de\/Wordpress\/wp-content\/uploads\/2025\/11\/manusduft-620x326.png 620w, https:\/\/www.musikverein-breitenthal.de\/Wordpress\/wp-content\/uploads\/2025\/11\/manusduft.png 1200w\" sizes=\"auto, (max-width: 1024px) 100vw, 1024px\" \/><\/a><\/figure><\/li><li class=\"blocks-gallery-item\"><figure><a href=\"https:\/\/www.musikverein-breitenthal.de\/Wordpress\/wp-content\/uploads\/2025\/11\/manusseife.png\"><img loading=\"lazy\" decoding=\"async\" width=\"1024\" height=\"538\" src=\"https:\/\/www.musikverein-breitenthal.de\/Wordpress\/wp-content\/uploads\/2025\/11\/manusseife-1024x538.png\" alt=\"\" data-id=\"1948\" data-full-url=\"https:\/\/www.musikverein-breitenthal.de\/Wordpress\/wp-content\/uploads\/2025\/11\/manusseife.png\" data-link=\"https:\/\/www.musikverein-breitenthal.de\/Wordpress\/dorfplatzzauber\/manusseife\/\" class=\"wp-image-1948\" srcset=\"https:\/\/www.musikverein-breitenthal.de\/Wordpress\/wp-content\/uploads\/2025\/11\/manusseife-1024x538.png 1024w, https:\/\/www.musikverein-breitenthal.de\/Wordpress\/wp-content\/uploads\/2025\/11\/manusseife-300x158.png 300w, https:\/\/www.musikverein-breitenthal.de\/Wordpress\/wp-content\/uploads\/2025\/11\/manusseife-768x403.png 768w, https:\/\/www.musikverein-breitenthal.de\/Wordpress\/wp-content\/uploads\/2025\/11\/manusseife-620x326.png 620w, https:\/\/www.musikverein-breitenthal.de\/Wordpress\/wp-content\/uploads\/2025\/11\/manusseife.png 1200w\" sizes=\"auto, (max-width: 1024px) 100vw, 1024px\" \/><\/a><\/figure><\/li><li class=\"blocks-gallery-item\"><figure><a href=\"https:\/\/www.musikverein-breitenthal.de\/Wordpress\/wp-content\/uploads\/2025\/11\/nadjaforberger.png\"><img loading=\"lazy\" decoding=\"async\" width=\"1024\" height=\"538\" src=\"https:\/\/www.musikverein-breitenthal.de\/Wordpress\/wp-content\/uploads\/2025\/11\/nadjaforberger-1024x538.png\" alt=\"\" data-id=\"1949\" data-full-url=\"https:\/\/www.musikverein-breitenthal.de\/Wordpress\/wp-content\/uploads\/2025\/11\/nadjaforberger.png\" data-link=\"https:\/\/www.musikverein-breitenthal.de\/Wordpress\/dorfplatzzauber\/nadjaforberger\/\" class=\"wp-image-1949\" srcset=\"https:\/\/www.musikverein-breitenthal.de\/Wordpress\/wp-content\/uploads\/2025\/11\/nadjaforberger-1024x538.png 1024w, https:\/\/www.musikverein-breitenthal.de\/Wordpress\/wp-content\/uploads\/2025\/11\/nadjaforberger-300x158.png 300w, https:\/\/www.musikverein-breitenthal.de\/Wordpress\/wp-content\/uploads\/2025\/11\/nadjaforberger-768x403.png 768w, https:\/\/www.musikverein-breitenthal.de\/Wordpress\/wp-content\/uploads\/2025\/11\/nadjaforberger-620x326.png 620w, https:\/\/www.musikverein-breitenthal.de\/Wordpress\/wp-content\/uploads\/2025\/11\/nadjaforberger.png 1200w\" sizes=\"auto, (max-width: 1024px) 100vw, 1024px\" \/><\/a><\/figure><\/li><li class=\"blocks-gallery-item\"><figure><a href=\"https:\/\/www.musikverein-breitenthal.de\/Wordpress\/wp-content\/uploads\/2025\/11\/pgr.png\"><img loading=\"lazy\" decoding=\"async\" width=\"1024\" height=\"538\" src=\"https:\/\/www.musikverein-breitenthal.de\/Wordpress\/wp-content\/uploads\/2025\/11\/pgr-1024x538.png\" alt=\"\" data-id=\"1950\" data-full-url=\"https:\/\/www.musikverein-breitenthal.de\/Wordpress\/wp-content\/uploads\/2025\/11\/pgr.png\" data-link=\"https:\/\/www.musikverein-breitenthal.de\/Wordpress\/dorfplatzzauber\/pgr-3\/\" class=\"wp-image-1950\" srcset=\"https:\/\/www.musikverein-breitenthal.de\/Wordpress\/wp-content\/uploads\/2025\/11\/pgr-1024x538.png 1024w, https:\/\/www.musikverein-breitenthal.de\/Wordpress\/wp-content\/uploads\/2025\/11\/pgr-300x158.png 300w, https:\/\/www.musikverein-breitenthal.de\/Wordpress\/wp-content\/uploads\/2025\/11\/pgr-768x403.png 768w, https:\/\/www.musikverein-breitenthal.de\/Wordpress\/wp-content\/uploads\/2025\/11\/pgr-620x326.png 620w, https:\/\/www.musikverein-breitenthal.de\/Wordpress\/wp-content\/uploads\/2025\/11\/pgr.png 1200w\" sizes=\"auto, (max-width: 1024px) 100vw, 1024px\" \/><\/a><\/figure><\/li><li class=\"blocks-gallery-item\"><figure><a href=\"https:\/\/www.musikverein-breitenthal.de\/Wordpress\/wp-content\/uploads\/2025\/11\/victoria.png\"><img loading=\"lazy\" decoding=\"async\" width=\"1024\" height=\"538\" src=\"https:\/\/www.musikverein-breitenthal.de\/Wordpress\/wp-content\/uploads\/2025\/11\/victoria-1024x538.png\" alt=\"\" data-id=\"1952\" data-full-url=\"https:\/\/www.musikverein-breitenthal.de\/Wordpress\/wp-content\/uploads\/2025\/11\/victoria.png\" data-link=\"https:\/\/www.musikverein-breitenthal.de\/Wordpress\/dorfplatzzauber\/victoria\/\" class=\"wp-image-1952\" srcset=\"https:\/\/www.musikverein-breitenthal.de\/Wordpress\/wp-content\/uploads\/2025\/11\/victoria-1024x538.png 1024w, https:\/\/www.musikverein-breitenthal.de\/Wordpress\/wp-content\/uploads\/2025\/11\/victoria-300x158.png 300w, https:\/\/www.musikverein-breitenthal.de\/Wordpress\/wp-content\/uploads\/2025\/11\/victoria-768x403.png 768w, https:\/\/www.musikverein-breitenthal.de\/Wordpress\/wp-content\/uploads\/2025\/11\/victoria-620x326.png 620w, https:\/\/www.musikverein-breitenthal.de\/Wordpress\/wp-content\/uploads\/2025\/11\/victoria.png 1200w\" sizes=\"auto, (max-width: 1024px) 100vw, 1024px\" \/><\/a><\/figure><\/li><li class=\"blocks-gallery-item\"><figure><a href=\"https:\/\/www.musikverein-breitenthal.de\/Wordpress\/wp-content\/uploads\/2025\/11\/suessehuette.png\"><img loading=\"lazy\" decoding=\"async\" width=\"1024\" height=\"538\" src=\"https:\/\/www.musikverein-breitenthal.de\/Wordpress\/wp-content\/uploads\/2025\/11\/suessehuette-1024x538.png\" alt=\"\" data-id=\"1951\" data-full-url=\"https:\/\/www.musikverein-breitenthal.de\/Wordpress\/wp-content\/uploads\/2025\/11\/suessehuette.png\" data-link=\"https:\/\/www.musikverein-breitenthal.de\/Wordpress\/dorfplatzzauber\/suessehuette\/\" class=\"wp-image-1951\" srcset=\"https:\/\/www.musikverein-breitenthal.de\/Wordpress\/wp-content\/uploads\/2025\/11\/suessehuette-1024x538.png 1024w, https:\/\/www.musikverein-breitenthal.de\/Wordpress\/wp-content\/uploads\/2025\/11\/suessehuette-300x158.png 300w, https:\/\/www.musikverein-breitenthal.de\/Wordpress\/wp-content\/uploads\/2025\/11\/suessehuette-768x403.png 768w, https:\/\/www.musikverein-breitenthal.de\/Wordpress\/wp-content\/uploads\/2025\/11\/suessehuette-620x326.png 620w, https:\/\/www.musikverein-breitenthal.de\/Wordpress\/wp-content\/uploads\/2025\/11\/suessehuette.png 1200w\" sizes=\"auto, (max-width: 1024px) 100vw, 1024px\" \/><\/a><\/figure><\/li><\/ul><\/figure>\n\n\n\n<h2 class=\"wp-block-heading\">Unser Programm<\/h2>\n\n\n\n<figure class=\"wp-block-image size-large\"><a href=\"https:\/\/www.musikverein-breitenthal.de\/Wordpress\/wp-content\/uploads\/2025\/11\/Titel-2.png\"><img loading=\"lazy\" decoding=\"async\" width=\"1024\" height=\"538\" src=\"https:\/\/www.musikverein-breitenthal.de\/Wordpress\/wp-content\/uploads\/2025\/11\/Titel-2-1024x538.png\" alt=\"\" class=\"wp-image-1960\" srcset=\"https:\/\/www.musikverein-breitenthal.de\/Wordpress\/wp-content\/uploads\/2025\/11\/Titel-2-1024x538.png 1024w, https:\/\/www.musikverein-breitenthal.de\/Wordpress\/wp-content\/uploads\/2025\/11\/Titel-2-300x158.png 300w, https:\/\/www.musikverein-breitenthal.de\/Wordpress\/wp-content\/uploads\/2025\/11\/Titel-2-768x403.png 768w, https:\/\/www.musikverein-breitenthal.de\/Wordpress\/wp-content\/uploads\/2025\/11\/Titel-2-620x326.png 620w, https:\/\/www.musikverein-breitenthal.de\/Wordpress\/wp-content\/uploads\/2025\/11\/Titel-2.png 1200w\" sizes=\"auto, (max-width: 1024px) 100vw, 1024px\" \/><\/a><\/figure>\n\n\n\n<figure class=\"wp-block-image size-large\"><a href=\"https:\/\/www.musikverein-breitenthal.de\/Wordpress\/wp-content\/uploads\/2025\/11\/Titel-3.png\"><img loading=\"lazy\" decoding=\"async\" width=\"1024\" height=\"538\" src=\"https:\/\/www.musikverein-breitenthal.de\/Wordpress\/wp-content\/uploads\/2025\/11\/Titel-3-1024x538.png\" alt=\"\" class=\"wp-image-1962\" srcset=\"https:\/\/www.musikverein-breitenthal.de\/Wordpress\/wp-content\/uploads\/2025\/11\/Titel-3-1024x538.png 1024w, https:\/\/www.musikverein-breitenthal.de\/Wordpress\/wp-content\/uploads\/2025\/11\/Titel-3-300x158.png 300w, https:\/\/www.musikverein-breitenthal.de\/Wordpress\/wp-content\/uploads\/2025\/11\/Titel-3-768x403.png 768w, https:\/\/www.musikverein-breitenthal.de\/Wordpress\/wp-content\/uploads\/2025\/11\/Titel-3-620x326.png 620w, https:\/\/www.musikverein-breitenthal.de\/Wordpress\/wp-content\/uploads\/2025\/11\/Titel-3.png 1200w\" sizes=\"auto, (max-width: 1024px) 100vw, 1024px\" \/><\/a><\/figure>\n\n\n\n<h2 class=\"wp-block-heading\">Leibliches Wohl<\/h2>\n\n\n\n<p>&#8230; auch daf\u00fcr werden wir bei unserem Dorfplatzzauber selbstverst\u00e4ndlich sorgen!<br>Auf der Speisekarte unserer Schmankerl-H\u00fctte findet ihr unter anderem Fuierwurscht und verschiedene Schupfnudeln. In unserer Flammkuchen H\u00fctte bekommt ihr dreierlei Flammkuchen: Els\u00e4sser Art, mediterran (vegetarisch) und eine s\u00fc\u00dfe Variante.<br>Zum Nachtisch gibts an unserer s\u00fc\u00dfen H\u00fctte verschieden gef\u00fcllte Cr\u00eapes und Waffeln.<br>Und nat\u00fcrlich lassen wir niemanden verdursten!<br><\/p>\n\n\n\n<h2 class=\"wp-block-heading\">Parkplatz<\/h2>\n\n\n\n<p>Wir haben ausgewiesene Besucher-Parkpl\u00e4tze. Dazu bitte der Beschilderung folgen!<\/p>\n\n\n\n<iframe loading=\"lazy\" src=\"https:\/\/www.google.com\/maps\/d\/u\/2\/embed?mid=1jbztKoudKxBDcYOyotLYbdrIZG9nQfU&#038;ehbc=2E312F&#038;noprof=1\" width=\"640\" height=\"480\"><\/iframe>\n\n\n\n<p><\/p>\n","protected":false},"excerpt":{"rendered":"<p>Unsere Aussteller Unser Programm Leibliches Wohl &#8230; auch daf\u00fcr werden wir bei unserem Dorfplatzzauber selbstverst\u00e4ndlich sorgen!Auf der Speisekarte unserer Schmankerl-H\u00fctte findet ihr unter anderem Fuierwurscht und verschiedene Schupfnudeln. In unserer Flammkuchen H\u00fctte bekommt ihr dreierlei Flammkuchen: Els\u00e4sser Art, mediterran (vegetarisch) und eine s\u00fc\u00dfe Variante.Zum Nachtisch gibts an unserer s\u00fc\u00dfen H\u00fctte verschieden gef\u00fcllte Cr\u00eapes und Waffeln.Und [&hellip;]<\/p>\n","protected":false},"author":1,"featured_media":0,"parent":0,"menu_order":0,"comment_status":"closed","ping_status":"closed","template":"","meta":{"footnotes":""},"class_list":["post-1644","page","type-page","status-publish","hentry"],"_links":{"self":[{"href":"https:\/\/www.musikverein-breitenthal.de\/Wordpress\/wp-json\/wp\/v2\/pages\/1644","targetHints":{"allow":["GET"]}}],"collection":[{"href":"https:\/\/www.musikverein-breitenthal.de\/Wordpress\/wp-json\/wp\/v2\/pages"}],"about":[{"href":"https:\/\/www.musikverein-breitenthal.de\/Wordpress\/wp-json\/wp\/v2\/types\/page"}],"author":[{"embeddable":true,"href":"https:\/\/www.musikverein-breitenthal.de\/Wordpress\/wp-json\/wp\/v2\/users\/1"}],"replies":[{"embeddable":true,"href":"https:\/\/www.musikverein-breitenthal.de\/Wordpress\/wp-json\/wp\/v2\/comments?post=1644"}],"version-history":[{"count":19,"href":"https:\/\/www.musikverein-breitenthal.de\/Wordpress\/wp-json\/wp\/v2\/pages\/1644\/revisions"}],"predecessor-version":[{"id":1963,"href":"https:\/\/www.musikverein-breitenthal.de\/Wordpress\/wp-json\/wp\/v2\/pages\/1644\/revisions\/1963"}],"wp:attachment":[{"href":"https:\/\/www.musikverein-breitenthal.de\/Wordpress\/wp-json\/wp\/v2\/media?parent=1644"}],"curies":[{"name":"wp","href":"https:\/\/api.w.org\/{rel}","templated":true}]}}