{"id":1055,"date":"2021-02-21T10:17:50","date_gmt":"2021-02-21T09:17:50","guid":{"rendered":"http:\/\/www.musikverein-breitenthal.de\/Wordpress\/?page_id=1055"},"modified":"2021-03-06T11:36:40","modified_gmt":"2021-03-06T10:36:40","slug":"notenpatenschaft","status":"publish","type":"page","link":"https:\/\/www.musikverein-breitenthal.de\/Wordpress\/sie-fuer-uns\/notenpatenschaft\/","title":{"rendered":"Notenpatenschaft"},"content":{"rendered":"\n<p>Sie spielen kein Instrument, m\u00f6chten aber unseren Verein trotzdem bei der musikalischen Arbeit unterst\u00fctzen?<br><br>Unsere&nbsp;<strong>Notenpatenschaft&nbsp;<\/strong>l\u00e4sst diesen Wunsch in Erf\u00fcllung gehen!<br><br>F\u00fcr unsere Konzerte stellen wir immer wieder ein neues Repertoire an St\u00fccken zusammen. Leider ist das mit entsprechenden Kosten verbunden. Je  nach Titel und L\u00e4nge bewegen wir uns hier zwischen 50 und 250 Euro pro  Notensatz, was j\u00e4hrlich einer Summe von 1.500 bis 2.000 Euro entspricht. <br><br> Was verbirgt sich hinter einer<strong>&nbsp;Notenpatenschaft? <\/strong> <\/p>\n\n\n\n<ul class=\"wp-block-list\"><li>Sie finanzieren \/ bezuschussen den Kauf eines Musikst\u00fcckes,  welches dann in unseren Konzerten aufgef\u00fchrt wird: <br> <em>\u00a0\u00a0\u00a0 \u00a0 Staffelung: 50 Euro | 80 Euro | 130 Euro<\/em>  <\/li><li>Sie werden \u2013 sofern dies von Ihnen gew\u00fcnscht \u2013 namentlich genannt und unterst\u00fctzten damit den Erhalt und die Pflege der Blasmusik.<\/li><li>Sie erhalten daf\u00fcr von uns eine Eintrittskarte f\u00fcr unser n\u00e4chstes Konzert!<\/li><li>Gerne stellen wir auch eine Spendenquittung f\u00fcr Sie aus.<\/li><\/ul>\n\n\n\n<p>Bei Interesse oder f\u00fcr weitere Informationen sprechen Sie uns einfach an!<\/p>\n","protected":false},"excerpt":{"rendered":"<p>Sie spielen kein Instrument, m\u00f6chten aber unseren Verein trotzdem bei der musikalischen Arbeit unterst\u00fctzen? Unsere&nbsp;Notenpatenschaft&nbsp;l\u00e4sst diesen Wunsch in Erf\u00fcllung gehen! F\u00fcr unsere Konzerte stellen wir immer wieder ein neues Repertoire an St\u00fccken zusammen. Leider ist das mit entsprechenden Kosten verbunden. Je nach Titel und L\u00e4nge bewegen wir uns hier zwischen 50 und 250 Euro pro [&hellip;]<\/p>\n","protected":false},"author":1,"featured_media":0,"parent":1051,"menu_order":0,"comment_status":"closed","ping_status":"closed","template":"","meta":{"footnotes":""},"class_list":["post-1055","page","type-page","status-publish","hentry"],"_links":{"self":[{"href":"https:\/\/www.musikverein-breitenthal.de\/Wordpress\/wp-json\/wp\/v2\/pages\/1055","targetHints":{"allow":["GET"]}}],"collection":[{"href":"https:\/\/www.musikverein-breitenthal.de\/Wordpress\/wp-json\/wp\/v2\/pages"}],"about":[{"href":"https:\/\/www.musikverein-breitenthal.de\/Wordpress\/wp-json\/wp\/v2\/types\/page"}],"author":[{"embeddable":true,"href":"https:\/\/www.musikverein-breitenthal.de\/Wordpress\/wp-json\/wp\/v2\/users\/1"}],"replies":[{"embeddable":true,"href":"https:\/\/www.musikverein-breitenthal.de\/Wordpress\/wp-json\/wp\/v2\/comments?post=1055"}],"version-history":[{"count":3,"href":"https:\/\/www.musikverein-breitenthal.de\/Wordpress\/wp-json\/wp\/v2\/pages\/1055\/revisions"}],"predecessor-version":[{"id":1075,"href":"https:\/\/www.musikverein-breitenthal.de\/Wordpress\/wp-json\/wp\/v2\/pages\/1055\/revisions\/1075"}],"up":[{"embeddable":true,"href":"https:\/\/www.musikverein-breitenthal.de\/Wordpress\/wp-json\/wp\/v2\/pages\/1051"}],"wp:attachment":[{"href":"https:\/\/www.musikverein-breitenthal.de\/Wordpress\/wp-json\/wp\/v2\/media?parent=1055"}],"curies":[{"name":"wp","href":"https:\/\/api.w.org\/{rel}","templated":true}]}}